{"id":349,"date":"2026-01-26T12:53:11","date_gmt":"2026-01-26T12:53:11","guid":{"rendered":"https:\/\/pgmxcatering.com\/servicios\/"},"modified":"2026-02-12T11:25:37","modified_gmt":"2026-02-12T11:25:37","slug":"servicios","status":"publish","type":"page","link":"https:\/\/pgmxcatering.com\/en\/servicios\/","title":{"rendered":"Servicios"},"content":{"rendered":"<section class=\"header_curvy1_30_1 background-1-light\" id=\"\" data-block-id=\"69d4cbab5791169d4cbab57912\">\r\n    <div class=\"container\">\r\n        <div class=\"row\">\r\n            <div class=\"col\">\r\n                                <h1 class=\"tamano1 color-1-headings-dark\">El verdadero sabor de M\u00e9xico pues!<\/h1>\r\n            <\/div>\r\n        <\/div>\r\n    <\/div>\r\n<\/section>\r\n<style>\r\n    .header_curvy1_30_1 .col .subtitulo {\r\n        text-align: center;\r\n        padding-bottom: 25px;\r\n    }\r\n\r\n    .header_curvy1_30_1 .col h1 {\r\n        text-align: center;\r\n    }\r\n\r\n    .header_curvy1_30_1 .col {\r\n        max-width: 1230px;\r\n        margin: 0 auto;\r\n    }\r\n\r\n    .header_curvy1_30_1 {\r\n        padding: 200px 0 55px 0;\r\n    }\r\n\r\n    @media (max-width:1200px) {\r\n        .header_curvy1_30_1 {\r\n            padding: 120px 0 35px 0;\r\n        }\r\n    }\r\n\r\n    @media (max-width:768px) {\r\n        .header_curvy1_30_1 h1 {\r\n            line-height: var(--tamano3-line-height);\r\n        }\r\n\r\n        .header_curvy1_30_1 {\r\n            padding: 100px 0 40px;\r\n        }\r\n    }\r\n<\/style>\r\n\n\n<section class=\"services_curvy1_22_1 background-1-light\" id=\"\" data-block-id=\"69d4cbab5874669d4cbab58747\">\r\n    <div class=\"container\">\r\n        <div class=\"row\">\r\n            <div class=\"col col-top\">\r\n                                <h2 class=\"color-1-headings-dark tamano2\">Servicios<\/h2>\r\n                                            <\/div>\r\n        <\/div>\r\n    <\/div>\r\n    <div class=\"container\">\r\n        <div class=\"row\">\r\n            <div class=\"col col-servicios\">\r\n                <div class=\"servicios\">\r\n                                                                                                    <a href=\"https:\/\/pgmxcatering.com\/en\/servicios\/entretenimiento-infantil-en-eventos\/\" class=\"servicio-item\">\r\n                                <div class=\"imagen\" style=\"background-image: url('https:\/\/pgmxcatering.com\/wp-content\/uploads\/2026\/01\/Leonardo_Vision_XL_Una_imagen_colorida_y_vibrante_para_una_web_0.jpg');\"\r\n                                    aria-label=\"\"><\/div>\r\n                                <div class=\"mask\"><\/div>\r\n                                <div class=\"meta\">\r\n                                    <h3 class=\"tamano3 color-1-headings-dark\">Entretenimiento infantil en eventos<\/h3>\r\n                                                                        <div class=\"texto tamano7 color-1-body-dark\">\r\n                                        <p>No somos el t\u00edpico show infantil. Creamos experiencias educativas y divertidas que celebran nuestra cultura.<\/p>\n                                    <\/div>\r\n                                                                    <\/div>\r\n                            <\/a>\r\n                                                                                <a href=\"https:\/\/pgmxcatering.com\/en\/servicios\/catering-de-comida-mexicana-para-eventos-o-para-el\/\" class=\"servicio-item\">\r\n                                <div class=\"imagen\" style=\"background-image: url('https:\/\/pgmxcatering.com\/wp-content\/uploads\/2026\/01\/Leonardo_Vision_XL_Crea_una_imagen_colorida_y_animada_que_capt_0.jpg');\"\r\n                                    aria-label=\"\"><\/div>\r\n                                <div class=\"mask\"><\/div>\r\n                                <div class=\"meta\">\r\n                                    <h3 class=\"tamano3 color-1-headings-dark\">Catering para Eventos<\/h3>\r\n                                                                        <div class=\"texto tamano7 color-1-body-dark\">\r\n                                        <p>Para bodas, eventos corporativos o fiestas grandes donde el cliente se encargas de servir.<\/p>\n                                    <\/div>\r\n                                                                    <\/div>\r\n                            <\/a>\r\n                                                            <\/div>\r\n            <\/div>\r\n        <\/div>\r\n    <\/div>\r\n\r\n<\/section>\r\n<style>\r\n    .services_curvy1_22_1 .servicio-item .texto {\r\n        transition: all ease .3s;\r\n        text-align: center;\r\n    }\r\n\r\n    .services_curvy1_22_1 .servicio-item h3 {\r\n        padding-bottom: 25px;\r\n        transition: all ease .3s;\r\n        text-align: center;\r\n    }\r\n\r\n    .services_curvy1_22_1 .servicio-item:hover .texto,\r\n    .services_curvy1_22_1 .servicio-item.hover .texto {\r\n        color: var(--color-2-headings-light);\r\n    }\r\n\r\n    .services_curvy1_22_1 .servicio-item:hover h3,\r\n    .services_curvy1_22_1 .servicio-item.hover h3 {\r\n        color: var(--background-1-light);\r\n    }\r\n\r\n    .services_curvy1_22_1 .servicio-item:hover .mask,\r\n    .services_curvy1_22_1 .servicio-item:hover .imagen,\r\n    .services_curvy1_22_1 .servicio-item.hover .mask,\r\n    .services_curvy1_22_1 .servicio-item.hover .imagen {\r\n        opacity: 1;\r\n        visibility: visible;\r\n    }\r\n\r\n    .services_curvy1_22_1 .servicio-item .mask {\r\n        background: rgba(43, 43, 43, 0.50);\r\n        position: absolute;\r\n        top: 0;\r\n        left: 0;\r\n        width: 100%;\r\n        height: 100%;\r\n        opacity: 0;\r\n        visibility: hidden;\r\n        border-radius: 30px;\r\n        transition: all ease .3s;\r\n    }\r\n\r\n     .services_curvy1_22_1 .servicio-item .imagen {\r\n        position: absolute;\r\n        top: 0;\r\n        left: 0;\r\n        width: 100%;\r\n        height: 100%;\r\n        opacity: 0;\r\n        background-position: center;\r\n        background-repeat: no-repeat;\r\n        background-size: cover;\r\n        visibility: hidden;\r\n        transition: all ease .3s;\r\n        border-radius: 30px;\r\n    }\r\n\r\n     .services_curvy1_22_1 .servicio-item .meta {\r\n        position: relative;\r\n    }\r\n\r\n    .services_curvy1_22_1 .servicio-item:not(:last-child)::after {\r\n        bottom: -8px;\r\n        width: calc(100% - 30px);\r\n        height: 1px;\r\n        left: 50%;\r\n        transform: translateX(-50%);\r\n        position: absolute;\r\n        background-color: var(--color-3-body-dark);\r\n        opacity: 0.5;\r\n        content: \"\";\r\n    }\r\n\r\n    .services_curvy1_22_1 .servicio-item:hover:not(:last-child)::after {\r\n        display: none;\r\n    }\r\n\r\n    .services_curvy1_22_1 .servicio-item {\r\n        position: relative;\r\n        position: relative;\r\n        display: block;\r\n        text-decoration: none;\r\n        border-radius: 30px;\r\n        transition: all ease .3s;\r\n        padding: 80px 90px 80px 90px;\r\n        margin-bottom: 15px;\r\n    }\r\n\r\n    .services_curvy1_22_1 .col-top {\r\n        max-width: 1079px;\r\n        margin: 0 auto;\r\n        padding-bottom: 70px;\r\n    }\r\n\r\n    .services_curvy1_22_1 h2 {\r\n        text-align: center;\r\n        padding-bottom: 25px;\r\n    }\r\n\r\n\r\n     .services_curvy1_22_1 {\r\n        padding: 80px 150px;\r\n    }\r\n\r\n    @media (max-width:1550px) {\r\n        .services_curvy1_22_1 {\r\n            padding: 80px 50px;\r\n        }\r\n    }\r\n\r\n    @media (max-width:1350px) {\r\n        .services_curvy1_22_1 {\r\n            padding: 80px 0;\r\n        }\r\n    }\r\n\r\n    @media (max-width:992px) {\r\n        .services_curvy1_22_1 .servicio-item {\r\n            padding-top: 100px;\r\n        }\r\n\r\n        .services_curvy1_22_1 {\r\n            padding: 40px 0;\r\n        }\r\n\r\n        .services_curvy1_22_1 .servicio-item h3 {\r\n            padding-bottom: 15px;\r\n        }\r\n\r\n        .services_curvy1_22_1 .col-top {\r\n            padding-bottom: 40px;\r\n        }\r\n\r\n    }\r\n\r\n    @media (max-width:768px) {\r\n        .services_curvy1_22_1 .servicio-item {\r\n            padding: 42px 30px;\r\n        }\r\n\r\n        .services_curvy1_22_1 .servicio-item h3 {\r\n            line-height: var(--tamano4-line-height);\r\n            font-size: var(--tamano5-font-size);\r\n        }\r\n    }\r\n<\/style>\r\n","protected":false},"excerpt":{"rendered":"","protected":false},"author":1,"featured_media":0,"parent":0,"menu_order":0,"comment_status":"open","ping_status":"closed","template":"","meta":{"_acf_changed":false,"footnotes":""},"class_list":["post-349","page","type-page","status-publish","hentry"],"acf":[],"yoast_head":"<!-- This site is optimized with the Yoast SEO plugin v27.3 - https:\/\/yoast.com\/product\/yoast-seo-wordpress\/ -->\n<title>El Sabor de M\u00e9xico - Servicios \u00danicos<\/title>\n<meta name=\"description\" content=\"Descubre experiencias \u00fanicas con La Pachanguita Mexicana: entretenimiento infantil educativo y catering aut\u00e9ntico para eventos inolvidables.\" \/>\n<meta name=\"robots\" content=\"index, follow, max-snippet:-1, max-image-preview:large, max-video-preview:-1\" \/>\n<link rel=\"canonical\" href=\"https:\/\/pgmxcatering.com\/en\/servicios\/\" \/>\n<meta property=\"og:locale\" content=\"en_US\" \/>\n<meta property=\"og:type\" content=\"article\" \/>\n<meta property=\"og:title\" content=\"El Sabor de M\u00e9xico - Servicios \u00danicos\" \/>\n<meta property=\"og:description\" content=\"Descubre experiencias \u00fanicas con La Pachanguita Mexicana: entretenimiento infantil educativo y catering aut\u00e9ntico para eventos inolvidables.\" \/>\n<meta property=\"og:url\" content=\"https:\/\/pgmxcatering.com\/en\/servicios\/\" \/>\n<meta property=\"og:site_name\" content=\"La pachanguita mexicana\" \/>\n<meta property=\"article:modified_time\" content=\"2026-02-12T11:25:37+00:00\" \/>\n<meta name=\"twitter:card\" content=\"summary_large_image\" \/>\n<!-- \/ Yoast SEO plugin. -->","yoast_head_json":{"title":"El Sabor de M\u00e9xico - Servicios \u00danicos","description":"Descubre experiencias \u00fanicas con La Pachanguita Mexicana: entretenimiento infantil educativo y catering aut\u00e9ntico para eventos inolvidables.","robots":{"index":"index","follow":"follow","max-snippet":"max-snippet:-1","max-image-preview":"max-image-preview:large","max-video-preview":"max-video-preview:-1"},"canonical":"https:\/\/pgmxcatering.com\/en\/servicios\/","og_locale":"en_US","og_type":"article","og_title":"El Sabor de M\u00e9xico - Servicios \u00danicos","og_description":"Descubre experiencias \u00fanicas con La Pachanguita Mexicana: entretenimiento infantil educativo y catering aut\u00e9ntico para eventos inolvidables.","og_url":"https:\/\/pgmxcatering.com\/en\/servicios\/","og_site_name":"La pachanguita mexicana","article_modified_time":"2026-02-12T11:25:37+00:00","twitter_card":"summary_large_image","schema":{"@context":"https:\/\/schema.org","@graph":[{"@type":"WebPage","@id":"https:\/\/pgmxcatering.com\/en\/servicios\/","url":"https:\/\/pgmxcatering.com\/en\/servicios\/","name":"El Sabor de M\u00e9xico - Servicios \u00danicos","isPartOf":{"@id":"https:\/\/pgmxcatering.com\/en\/#website"},"datePublished":"2026-01-26T12:53:11+00:00","dateModified":"2026-02-12T11:25:37+00:00","description":"Descubre experiencias \u00fanicas con La Pachanguita Mexicana: entretenimiento infantil educativo y catering aut\u00e9ntico para eventos inolvidables.","breadcrumb":{"@id":"https:\/\/pgmxcatering.com\/en\/servicios\/#breadcrumb"},"inLanguage":"en-US","potentialAction":[{"@type":"ReadAction","target":["https:\/\/pgmxcatering.com\/en\/servicios\/"]}]},{"@type":"BreadcrumbList","@id":"https:\/\/pgmxcatering.com\/en\/servicios\/#breadcrumb","itemListElement":[{"@type":"ListItem","position":1,"name":"Portada","item":"https:\/\/pgmxcatering.com\/en\/"},{"@type":"ListItem","position":2,"name":"Servicios"}]},{"@type":"WebSite","@id":"https:\/\/pgmxcatering.com\/en\/#website","url":"https:\/\/pgmxcatering.com\/en\/","name":"La pachanguita mexicana","description":"","publisher":{"@id":"https:\/\/pgmxcatering.com\/en\/#organization"},"potentialAction":[{"@type":"SearchAction","target":{"@type":"EntryPoint","urlTemplate":"https:\/\/pgmxcatering.com\/en\/?s={search_term_string}"},"query-input":{"@type":"PropertyValueSpecification","valueRequired":true,"valueName":"search_term_string"}}],"inLanguage":"en-US"},{"@type":"Organization","@id":"https:\/\/pgmxcatering.com\/en\/#organization","name":"La pachanguita mexicana","url":"https:\/\/pgmxcatering.com\/en\/","logo":{"@type":"ImageObject","inLanguage":"en-US","@id":"https:\/\/pgmxcatering.com\/en\/#\/schema\/logo\/image\/","url":"https:\/\/pgmxcatering.com\/wp-content\/uploads\/2026\/01\/69775b3dcb529_La-pachanguita-mexicana-logo.png","contentUrl":"https:\/\/pgmxcatering.com\/wp-content\/uploads\/2026\/01\/69775b3dcb529_La-pachanguita-mexicana-logo.png","width":837,"height":837,"caption":"La pachanguita mexicana"},"image":{"@id":"https:\/\/pgmxcatering.com\/en\/#\/schema\/logo\/image\/"}}]}},"_links":{"self":[{"href":"https:\/\/pgmxcatering.com\/en\/wp-json\/wp\/v2\/pages\/349","targetHints":{"allow":["GET"]}}],"collection":[{"href":"https:\/\/pgmxcatering.com\/en\/wp-json\/wp\/v2\/pages"}],"about":[{"href":"https:\/\/pgmxcatering.com\/en\/wp-json\/wp\/v2\/types\/page"}],"author":[{"embeddable":true,"href":"https:\/\/pgmxcatering.com\/en\/wp-json\/wp\/v2\/users\/1"}],"replies":[{"embeddable":true,"href":"https:\/\/pgmxcatering.com\/en\/wp-json\/wp\/v2\/comments?post=349"}],"version-history":[{"count":4,"href":"https:\/\/pgmxcatering.com\/en\/wp-json\/wp\/v2\/pages\/349\/revisions"}],"predecessor-version":[{"id":673,"href":"https:\/\/pgmxcatering.com\/en\/wp-json\/wp\/v2\/pages\/349\/revisions\/673"}],"wp:attachment":[{"href":"https:\/\/pgmxcatering.com\/en\/wp-json\/wp\/v2\/media?parent=349"}],"curies":[{"name":"wp","href":"https:\/\/api.w.org\/{rel}","templated":true}]}}